{"id":17494,"date":"2026-01-13T13:16:21","date_gmt":"2026-01-13T13:16:21","guid":{"rendered":"https:\/\/test.lesavoirfrance.com\/?post_type=product&#038;p=17494"},"modified":"2026-01-13T13:19:28","modified_gmt":"2026-01-13T13:19:28","slug":"candle-set-silver","status":"publish","type":"product","link":"https:\/\/test.lesavoirfrance.com\/fr\/product\/candle-set-silver\/","title":{"rendered":"Ensemble de bougies \u2013 Argent"},"content":{"rendered":"<p><span data-olk-copy-source=\"MessageBody\">Prenez soin de vos bougies avec \u00e9l\u00e9gance gr\u00e2ce \u00e0 ce luxueux kit d&#039;entretien disponible en plusieurs coloris. Ces outils permettent de couper efficacement les m\u00e8ches et d&#039;\u00e9liminer la fum\u00e9e lors de l&#039;extinction des flammes. Ce kit comprend un coupe-m\u00e8che, un \u00e9teignoir, un trempette \u00e0 m\u00e8che et un plateau \u00e0 bougie (or, argent ou noir).<\/span><\/p>","protected":false},"excerpt":{"rendered":"<p>Prenez soin de vos bougies avec \u00e9l\u00e9gance gr\u00e2ce \u00e0 ce luxueux kit d&#039;entretien disponible en plusieurs coloris. Ces outils permettent de couper efficacement les m\u00e8ches et d&#039;\u00e9liminer la fum\u00e9e lors de l&#039;extinction des flammes. Ce kit comprend un coupe-m\u00e8che, un \u00e9teignoir, un trempette \u00e0 m\u00e8che et un plateau \u00e0 bougie (or, argent ou noir).<\/p>","protected":false},"featured_media":17495,"template":"","meta":{"iawp_total_views":1},"product_cat":[330],"product_tag":[],"class_list":{"0":"post-17494","1":"product","2":"type-product","3":"status-publish","4":"has-post-thumbnail","6":"product_cat-soap","8":"first","9":"instock","10":"taxable","11":"shipping-taxable","12":"purchasable","13":"product-type-simple"},"aioseo_notices":[],"jetpack_sharing_enabled":true,"_links":{"self":[{"href":"https:\/\/test.lesavoirfrance.com\/fr\/wp-json\/wp\/v2\/product\/17494","targetHints":{"allow":["GET"]}}],"collection":[{"href":"https:\/\/test.lesavoirfrance.com\/fr\/wp-json\/wp\/v2\/product"}],"about":[{"href":"https:\/\/test.lesavoirfrance.com\/fr\/wp-json\/wp\/v2\/types\/product"}],"wp:featuredmedia":[{"embeddable":true,"href":"https:\/\/test.lesavoirfrance.com\/fr\/wp-json\/wp\/v2\/media\/17495"}],"wp:attachment":[{"href":"https:\/\/test.lesavoirfrance.com\/fr\/wp-json\/wp\/v2\/media?parent=17494"}],"wp:term":[{"taxonomy":"product_cat","embeddable":true,"href":"https:\/\/test.lesavoirfrance.com\/fr\/wp-json\/wp\/v2\/product_cat?post=17494"},{"taxonomy":"product_tag","embeddable":true,"href":"https:\/\/test.lesavoirfrance.com\/fr\/wp-json\/wp\/v2\/product_tag?post=17494"}],"curies":[{"name":"wp","href":"https:\/\/api.w.org\/{rel}","templated":true}]}}