{"id":16659,"date":"2025-06-10T12:39:46","date_gmt":"2025-06-10T12:39:46","guid":{"rendered":"https:\/\/test.lesavoirfrance.com\/?post_type=product&#038;p=16659"},"modified":"2026-01-13T13:09:13","modified_gmt":"2026-01-13T13:09:13","slug":"elite-xl-reed-diffusers-white-200ml","status":"publish","type":"product","link":"https:\/\/test.lesavoirfrance.com\/fr\/product\/elite-xl-reed-diffusers-white-200ml\/","title":{"rendered":"Diffuseur \u00e0 b\u00e2tonnets Elite \u2013 200 ml"},"content":{"rendered":"<p style=\"font-size: 18px;\">Cr\u00e9ez un moment de s\u00e9r\u00e9nit\u00e9 unique gr\u00e2ce \u00e0 nos diffuseurs de parfum exclusifs, savamment compos\u00e9s. Le diffuseur est disponible avec des b\u00e2tonnets individuels et rechargeable, permettant une diffusion passive de 2 \u00e0 3 mois.<br \/>\nNotre marque de parfums d&#039;int\u00e9rieur \u00e9labore toujours ses fragrances dans un environnement v\u00e9gan et sans cruaut\u00e9.<\/p>\n<p><img decoding=\"async\" class=\"alignnone size-medium wp-image-14841\" src=\"https:\/\/test.lesavoirfrance.com\/\/wp-content\/uploads\/2025\/03\/favourite-img.png\" alt=\"\" width=\"70%\" height=\"auto\" \/><\/p>","protected":false},"excerpt":{"rendered":"<p><img decoding=\"async\" class=\"alignnone wp-image-14839 size-medium\" src=\"https:\/\/test.lesavoirfrance.com\/\/wp-content\/uploads\/2025\/03\/favourite-img.png\" alt=\"\" width=\"70%\" height=\"auto\" \/><\/p>","protected":false},"featured_media":17176,"template":"","meta":{"iawp_total_views":3},"product_cat":[332],"product_tag":[],"class_list":{"0":"post-16659","1":"product","2":"type-product","3":"status-publish","4":"has-post-thumbnail","6":"product_cat-reed-diffusers","8":"first","9":"instock","10":"taxable","11":"shipping-taxable","12":"purchasable","13":"product-type-variable"},"aioseo_notices":[],"jetpack_sharing_enabled":true,"_links":{"self":[{"href":"https:\/\/test.lesavoirfrance.com\/fr\/wp-json\/wp\/v2\/product\/16659","targetHints":{"allow":["GET"]}}],"collection":[{"href":"https:\/\/test.lesavoirfrance.com\/fr\/wp-json\/wp\/v2\/product"}],"about":[{"href":"https:\/\/test.lesavoirfrance.com\/fr\/wp-json\/wp\/v2\/types\/product"}],"wp:featuredmedia":[{"embeddable":true,"href":"https:\/\/test.lesavoirfrance.com\/fr\/wp-json\/wp\/v2\/media\/17176"}],"wp:attachment":[{"href":"https:\/\/test.lesavoirfrance.com\/fr\/wp-json\/wp\/v2\/media?parent=16659"}],"wp:term":[{"taxonomy":"product_cat","embeddable":true,"href":"https:\/\/test.lesavoirfrance.com\/fr\/wp-json\/wp\/v2\/product_cat?post=16659"},{"taxonomy":"product_tag","embeddable":true,"href":"https:\/\/test.lesavoirfrance.com\/fr\/wp-json\/wp\/v2\/product_tag?post=16659"}],"curies":[{"name":"wp","href":"https:\/\/api.w.org\/{rel}","templated":true}]}}