{"id":15491,"date":"2025-03-15T09:50:50","date_gmt":"2025-03-15T09:50:50","guid":{"rendered":"https:\/\/test.lesavoirfrance.com\/\/?post_type=product&#038;p=15491"},"modified":"2026-01-13T12:58:23","modified_gmt":"2026-01-13T12:58:23","slug":"signature-gold-natural","status":"publish","type":"product","link":"https:\/\/test.lesavoirfrance.com\/fr\/product\/signature-gold-natural\/","title":{"rendered":"Signature Elite &#8211; Gold"},"content":{"rendered":"<p>Our Signature Gold collection is the epitamy of all things Savoir. Recognizable in any setting, over 1.4 kgs of magical aromas among our large candles lineup.<\/p>\n<p>Cette bougie parfum\u00e9e en cire naturelle de haute qualit\u00e9 contient une forte concentration d&#039;ar\u00f4mes qui garantit une exp\u00e9rience olfactive optimale.<\/p>\n<p>Origine fran\u00e7aise garantie<\/p>\n<p>La bougie parfum\u00e9e en cire de haute qualit\u00e9 contient une forte concentration d&#039;ar\u00f4mes qui garantit la meilleure exp\u00e9rience aromatique naturelle<\/p>\n<p><img decoding=\"async\" class=\"alignnone size-medium wp-image-14841\" src=\"https:\/\/test.lesavoirfrance.com\/\/wp-content\/uploads\/2024\/11\/favourite-img.png\" alt=\"\" width=\"70%\" height=\"auto\" \/><\/p>","protected":false},"excerpt":{"rendered":"<p>Our Signature Gold collection is the epitamy of all things Savoir. Recognizable in any setting, over 1.4 kgs of magical aromas among our large candles lineup. The high quality natural wax scented candle contains a high concentration of aromas which guarantee the best aromatic experience Guaranteed French origin La bougie parfum\u00e9e en cire naturelle de [&hellip;]<\/p>\n","protected":false},"featured_media":17345,"template":"","meta":{"iawp_total_views":4},"product_cat":[329],"product_tag":[],"class_list":{"0":"post-15491","1":"product","2":"type-product","3":"status-publish","4":"has-post-thumbnail","6":"product_cat-elite-collection","8":"first","9":"instock","10":"shipping-taxable","11":"purchasable","12":"product-type-variable"},"aioseo_notices":[],"jetpack_sharing_enabled":true,"_links":{"self":[{"href":"https:\/\/test.lesavoirfrance.com\/fr\/wp-json\/wp\/v2\/product\/15491","targetHints":{"allow":["GET"]}}],"collection":[{"href":"https:\/\/test.lesavoirfrance.com\/fr\/wp-json\/wp\/v2\/product"}],"about":[{"href":"https:\/\/test.lesavoirfrance.com\/fr\/wp-json\/wp\/v2\/types\/product"}],"wp:featuredmedia":[{"embeddable":true,"href":"https:\/\/test.lesavoirfrance.com\/fr\/wp-json\/wp\/v2\/media\/17345"}],"wp:attachment":[{"href":"https:\/\/test.lesavoirfrance.com\/fr\/wp-json\/wp\/v2\/media?parent=15491"}],"wp:term":[{"taxonomy":"product_cat","embeddable":true,"href":"https:\/\/test.lesavoirfrance.com\/fr\/wp-json\/wp\/v2\/product_cat?post=15491"},{"taxonomy":"product_tag","embeddable":true,"href":"https:\/\/test.lesavoirfrance.com\/fr\/wp-json\/wp\/v2\/product_tag?post=15491"}],"curies":[{"name":"wp","href":"https:\/\/api.w.org\/{rel}","templated":true}]}}