{"id":15310,"date":"2025-04-07T12:40:24","date_gmt":"2025-04-07T12:40:24","guid":{"rendered":"https:\/\/test.lesavoirfrance.com\/\/?post_type=product&#038;p=15310"},"modified":"2026-03-13T12:26:35","modified_gmt":"2026-03-13T12:26:35","slug":"art-candle-2-2","status":"publish","type":"product","link":"https:\/\/test.lesavoirfrance.com\/fr\/product\/art-candle-2-2\/","title":{"rendered":"Bougie d&#039;art"},"content":{"rendered":"<ul>\n<li>Nos bougies artistiques sont litt\u00e9ralement des pi\u00e8ces uniques. Souffl\u00e9es \u00e0 la main dans du verre souffl\u00e9 par des artisans fran\u00e7ais, chaque bougie est diff\u00e9rente.<\/li>\n<li>L&#039;imperfection est la perfection.<\/li>\n<li>Nous proposons le remplissage en magasin de toutes nos bougies. Des conditions g\u00e9n\u00e9rales s&#039;appliquent selon les bougies.<\/li>\n<\/ul>\n<p>Origine fran\u00e7aise garantie<\/p>\n<ul>\n<li>V\u00e9gan<\/li>\n<li>Enti\u00e8rement naturel<\/li>\n<li>Sans paraffine<\/li>\n<li>Non toxique<\/li>\n<\/ul>\n<p>&nbsp;<\/p>\n<ul>\n<li>Nos bougies Art sont litt\u00e9ralement uniques dans leur genre. Verre Soufle souffl\u00e9 \u00e0 la main par des artistes fran\u00e7ais, aucune bougie n&#039;est identique \u00e0 l&#039;autre.<\/li>\n<li>L&#039;imperfection est la perfection.<\/li>\n<li>Nous proposons le rechargement en magasin de toutes nos bougies. Les conditions g\u00e9n\u00e9rales s&#039;appliquent \u00e0 diff\u00e9rentes bougies.<\/li>\n<\/ul>\n<p><img decoding=\"async\" class=\"alignnone wp-image-14839 size-medium\" src=\"https:\/\/test.lesavoirfrance.com\/\/wp-content\/uploads\/2025\/03\/favourite-img.png\" alt=\"\" width=\"70%\" height=\"auto\" \/><\/p>","protected":false},"excerpt":{"rendered":"<p><img fetchpriority=\"high\" decoding=\"async\" class=\"alignnone size-medium wp-image-60\" src=\"https:\/\/localhost\/lesavoirfrance\/wp-content\/uploads\/2024\/10\/candle-300x225.jpeg\" alt=\"\" width=\"300\" height=\"225\" \/><\/p>","protected":false},"featured_media":17711,"template":"","meta":{"iawp_total_views":3},"product_cat":[19],"product_tag":[],"class_list":{"0":"post-15310","1":"product","2":"type-product","3":"status-publish","4":"has-post-thumbnail","6":"product_cat-candle-art","8":"first","9":"instock","10":"taxable","11":"shipping-taxable","12":"purchasable","13":"product-type-simple"},"aioseo_notices":[],"jetpack_sharing_enabled":true,"_links":{"self":[{"href":"https:\/\/test.lesavoirfrance.com\/fr\/wp-json\/wp\/v2\/product\/15310","targetHints":{"allow":["GET"]}}],"collection":[{"href":"https:\/\/test.lesavoirfrance.com\/fr\/wp-json\/wp\/v2\/product"}],"about":[{"href":"https:\/\/test.lesavoirfrance.com\/fr\/wp-json\/wp\/v2\/types\/product"}],"wp:featuredmedia":[{"embeddable":true,"href":"https:\/\/test.lesavoirfrance.com\/fr\/wp-json\/wp\/v2\/media\/17711"}],"wp:attachment":[{"href":"https:\/\/test.lesavoirfrance.com\/fr\/wp-json\/wp\/v2\/media?parent=15310"}],"wp:term":[{"taxonomy":"product_cat","embeddable":true,"href":"https:\/\/test.lesavoirfrance.com\/fr\/wp-json\/wp\/v2\/product_cat?post=15310"},{"taxonomy":"product_tag","embeddable":true,"href":"https:\/\/test.lesavoirfrance.com\/fr\/wp-json\/wp\/v2\/product_tag?post=15310"}],"curies":[{"name":"wp","href":"https:\/\/api.w.org\/{rel}","templated":true}]}}