{"id":15146,"date":"2025-03-27T18:22:32","date_gmt":"2025-03-27T18:22:32","guid":{"rendered":"https:\/\/test.lesavoirfrance.com\/\/?post_type=product&#038;p=15146"},"modified":"2026-03-03T13:39:42","modified_gmt":"2026-03-03T13:39:42","slug":"signature-elite-bronze","status":"publish","type":"product","link":"https:\/\/test.lesavoirfrance.com\/fr\/product\/signature-elite-bronze\/","title":{"rendered":"Signature Elite XL &#8211; Rose Gold"},"content":{"rendered":"<p>Notre collection Elite incarne l&#039;excellence Savoir. Reconnaissable entre mille, elle offre plus de 2 kg de parfums envo\u00fbtants dans nos plus grandes bougies signature \u00e0 ce jour.<\/p>\n<p>Cette bougie parfum\u00e9e en cire naturelle de haute qualit\u00e9 contient une forte concentration d&#039;ar\u00f4mes qui garantit une exp\u00e9rience olfactive optimale.<\/p>\n<p>Origine fran\u00e7aise garantie<\/p>\n<ul>\n<li>V\u00e9gan<\/li>\n<li>Enti\u00e8rement naturel<\/li>\n<li>Sans paraffine<\/li>\n<li>Non toxique<\/li>\n<\/ul>\n<p>La bougie parfum\u00e9e en cire de haute qualit\u00e9 contient une forte concentration d&#039;ar\u00f4mes qui garantit la meilleure exp\u00e9rience aromatique naturelle<\/p>\n<p><img decoding=\"async\" class=\"alignnone size-medium wp-image-14841\" src=\"https:\/\/test.lesavoirfrance.com\/\/wp-content\/uploads\/2024\/11\/favourite-img.png\" alt=\"\" width=\"70%\" height=\"auto\" \/><\/p>","protected":false},"excerpt":{"rendered":"<p>Our Elite collection is the epitamy of all things Savoir. Recognizable in any setting, over 2kg of magical aromas in our largest signature candles yet. The high quality natural wax scented candle contains a high concentration of aromas which guarantee the best aromatic experience Guaranteed French origin Vegan All Natural Parrafin Free Non toxic La [&hellip;]<\/p>\n","protected":false},"featured_media":17655,"template":"","meta":{"iawp_total_views":4},"product_cat":[329],"product_tag":[],"class_list":{"0":"post-15146","1":"product","2":"type-product","3":"status-publish","4":"has-post-thumbnail","6":"product_cat-elite-collection","8":"first","9":"instock","10":"shipping-taxable","11":"purchasable","12":"product-type-variable"},"aioseo_notices":[],"jetpack_sharing_enabled":true,"_links":{"self":[{"href":"https:\/\/test.lesavoirfrance.com\/fr\/wp-json\/wp\/v2\/product\/15146","targetHints":{"allow":["GET"]}}],"collection":[{"href":"https:\/\/test.lesavoirfrance.com\/fr\/wp-json\/wp\/v2\/product"}],"about":[{"href":"https:\/\/test.lesavoirfrance.com\/fr\/wp-json\/wp\/v2\/types\/product"}],"wp:featuredmedia":[{"embeddable":true,"href":"https:\/\/test.lesavoirfrance.com\/fr\/wp-json\/wp\/v2\/media\/17655"}],"wp:attachment":[{"href":"https:\/\/test.lesavoirfrance.com\/fr\/wp-json\/wp\/v2\/media?parent=15146"}],"wp:term":[{"taxonomy":"product_cat","embeddable":true,"href":"https:\/\/test.lesavoirfrance.com\/fr\/wp-json\/wp\/v2\/product_cat?post=15146"},{"taxonomy":"product_tag","embeddable":true,"href":"https:\/\/test.lesavoirfrance.com\/fr\/wp-json\/wp\/v2\/product_tag?post=15146"}],"curies":[{"name":"wp","href":"https:\/\/api.w.org\/{rel}","templated":true}]}}