{"id":14923,"date":"2025-03-29T07:42:31","date_gmt":"2025-03-29T07:42:31","guid":{"rendered":"https:\/\/test.lesavoirfrance.com\/\/?post_type=product&#038;p=14923"},"modified":"2026-01-23T13:46:55","modified_gmt":"2026-01-23T13:46:55","slug":"rainbow-goddess","status":"publish","type":"product","link":"https:\/\/test.lesavoirfrance.com\/fr\/product\/rainbow-goddess\/","title":{"rendered":"D\u00e9esse Arc-en-ciel"},"content":{"rendered":"<p>Nous avons d\u00e9couvert une histoire parfum\u00e9e qui c\u00e9l\u00e8bre les r\u00eaves et la joie. Ce parfum incarne une exp\u00e9rience florale vibrante qui enveloppe la composition d&#039;une sensation d\u00e9licieusement addictive.<\/p>\n<p>Eau de Parfum 100ML\/3.4Oz.<\/p>","protected":false},"excerpt":{"rendered":"<p>Nous avons d\u00e9couvert une histoire parfum\u00e9e qui c\u00e9l\u00e8bre les r\u00eaves et la joie. Ce parfum incarne une exp\u00e9rience florale vibrante qui enveloppe la composition d&#039;une sensation d\u00e9licieusement addictive. Eau de Parfum 100 ml \/ 3,4 oz.<\/p>","protected":false},"featured_media":17619,"template":"","meta":{"iawp_total_views":5},"product_cat":[328],"product_tag":[],"class_list":{"0":"post-14923","1":"product","2":"type-product","3":"status-publish","4":"has-post-thumbnail","6":"product_cat-scentic-studio","8":"first","9":"instock","10":"taxable","11":"shipping-taxable","12":"purchasable","13":"product-type-simple"},"aioseo_notices":[],"jetpack_sharing_enabled":true,"_links":{"self":[{"href":"https:\/\/test.lesavoirfrance.com\/fr\/wp-json\/wp\/v2\/product\/14923","targetHints":{"allow":["GET"]}}],"collection":[{"href":"https:\/\/test.lesavoirfrance.com\/fr\/wp-json\/wp\/v2\/product"}],"about":[{"href":"https:\/\/test.lesavoirfrance.com\/fr\/wp-json\/wp\/v2\/types\/product"}],"wp:featuredmedia":[{"embeddable":true,"href":"https:\/\/test.lesavoirfrance.com\/fr\/wp-json\/wp\/v2\/media\/17619"}],"wp:attachment":[{"href":"https:\/\/test.lesavoirfrance.com\/fr\/wp-json\/wp\/v2\/media?parent=14923"}],"wp:term":[{"taxonomy":"product_cat","embeddable":true,"href":"https:\/\/test.lesavoirfrance.com\/fr\/wp-json\/wp\/v2\/product_cat?post=14923"},{"taxonomy":"product_tag","embeddable":true,"href":"https:\/\/test.lesavoirfrance.com\/fr\/wp-json\/wp\/v2\/product_tag?post=14923"}],"curies":[{"name":"wp","href":"https:\/\/api.w.org\/{rel}","templated":true}]}}