{"id":14916,"date":"2025-03-29T07:40:13","date_gmt":"2025-03-29T07:40:13","guid":{"rendered":"https:\/\/test.lesavoirfrance.com\/\/?post_type=product&#038;p=14916"},"modified":"2026-01-23T13:46:16","modified_gmt":"2026-01-23T13:46:16","slug":"gentleman-sandalwood","status":"publish","type":"product","link":"https:\/\/test.lesavoirfrance.com\/fr\/product\/gentleman-sandalwood\/","title":{"rendered":"Gentleman Santal"},"content":{"rendered":"<p>Une eau de parfum unisexe qui marie avec une harmonie parfaite l&#039;une des notes les plus c\u00e9l\u00e8bres. Ce parfum vous envo\u00fbte par la chaleur velout\u00e9e du santal et un sillage inoubliable.<\/p>\n<p>Eau de Parfum 100ML\/3.4Oz.<\/p>","protected":false},"excerpt":{"rendered":"<p>A unisex eau de Parfum fragrance that blends one of the most famous notes in blended at it\u2019s most harmonious levels. This fragrance captivates you by the velvety warmth of sandalwood, and an unforgettable silage. Eau de Parfum 100ML\/3.4Oz.<\/p>","protected":false},"featured_media":17618,"template":"","meta":{"iawp_total_views":3},"product_cat":[328],"product_tag":[],"class_list":{"0":"post-14916","1":"product","2":"type-product","3":"status-publish","4":"has-post-thumbnail","6":"product_cat-scentic-studio","8":"first","9":"instock","10":"taxable","11":"shipping-taxable","12":"purchasable","13":"product-type-simple"},"aioseo_notices":[],"jetpack_sharing_enabled":true,"_links":{"self":[{"href":"https:\/\/test.lesavoirfrance.com\/fr\/wp-json\/wp\/v2\/product\/14916","targetHints":{"allow":["GET"]}}],"collection":[{"href":"https:\/\/test.lesavoirfrance.com\/fr\/wp-json\/wp\/v2\/product"}],"about":[{"href":"https:\/\/test.lesavoirfrance.com\/fr\/wp-json\/wp\/v2\/types\/product"}],"wp:featuredmedia":[{"embeddable":true,"href":"https:\/\/test.lesavoirfrance.com\/fr\/wp-json\/wp\/v2\/media\/17618"}],"wp:attachment":[{"href":"https:\/\/test.lesavoirfrance.com\/fr\/wp-json\/wp\/v2\/media?parent=14916"}],"wp:term":[{"taxonomy":"product_cat","embeddable":true,"href":"https:\/\/test.lesavoirfrance.com\/fr\/wp-json\/wp\/v2\/product_cat?post=14916"},{"taxonomy":"product_tag","embeddable":true,"href":"https:\/\/test.lesavoirfrance.com\/fr\/wp-json\/wp\/v2\/product_tag?post=14916"}],"curies":[{"name":"wp","href":"https:\/\/api.w.org\/{rel}","templated":true}]}}