{"id":14909,"date":"2025-03-29T07:22:27","date_gmt":"2025-03-29T07:22:27","guid":{"rendered":"https:\/\/test.lesavoirfrance.com\/\/?post_type=product&#038;p=14909"},"modified":"2026-01-23T13:45:46","modified_gmt":"2026-01-23T13:45:46","slug":"royal-affair","status":"publish","type":"product","link":"https:\/\/test.lesavoirfrance.com\/fr\/product\/royal-affair\/","title":{"rendered":"Affaire royale"},"content":{"rendered":"<p>Une eau de parfum unisexe qui m\u00eale avec brio des notes arabes et florales, cr\u00e9ant un sillage envo\u00fbtant et puissant. L&#039;alliance parfaite de notes iconiques dans une esth\u00e9tique captivante et intense.<\/p>\n<p>Eau de Parfum 100ML\/3.4Oz.<\/p>","protected":false},"excerpt":{"rendered":"<p>A unisex eau de Parfum fragrance that masterfully blends Arabic with floral notes, creating an enchanting and powerful scent. When all iconic notes are matched in a captivating and intense aesthetic. Eau de Parfum 100ML\/3.4Oz.<\/p>","protected":false},"featured_media":17616,"template":"","meta":{"iawp_total_views":2},"product_cat":[328],"product_tag":[],"class_list":{"0":"post-14909","1":"product","2":"type-product","3":"status-publish","4":"has-post-thumbnail","6":"product_cat-scentic-studio","8":"first","9":"instock","10":"taxable","11":"shipping-taxable","12":"purchasable","13":"product-type-simple"},"aioseo_notices":[],"jetpack_sharing_enabled":true,"_links":{"self":[{"href":"https:\/\/test.lesavoirfrance.com\/fr\/wp-json\/wp\/v2\/product\/14909","targetHints":{"allow":["GET"]}}],"collection":[{"href":"https:\/\/test.lesavoirfrance.com\/fr\/wp-json\/wp\/v2\/product"}],"about":[{"href":"https:\/\/test.lesavoirfrance.com\/fr\/wp-json\/wp\/v2\/types\/product"}],"wp:featuredmedia":[{"embeddable":true,"href":"https:\/\/test.lesavoirfrance.com\/fr\/wp-json\/wp\/v2\/media\/17616"}],"wp:attachment":[{"href":"https:\/\/test.lesavoirfrance.com\/fr\/wp-json\/wp\/v2\/media?parent=14909"}],"wp:term":[{"taxonomy":"product_cat","embeddable":true,"href":"https:\/\/test.lesavoirfrance.com\/fr\/wp-json\/wp\/v2\/product_cat?post=14909"},{"taxonomy":"product_tag","embeddable":true,"href":"https:\/\/test.lesavoirfrance.com\/fr\/wp-json\/wp\/v2\/product_tag?post=14909"}],"curies":[{"name":"wp","href":"https:\/\/api.w.org\/{rel}","templated":true}]}}