{"id":12851,"date":"2024-11-29T12:58:21","date_gmt":"2024-11-29T12:58:21","guid":{"rendered":"https:\/\/test.lesavoirfrance.com\/\/?post_type=product&#038;p=12851"},"modified":"2026-01-13T12:51:23","modified_gmt":"2026-01-13T12:51:23","slug":"signature-white-small","status":"publish","type":"product","link":"https:\/\/test.lesavoirfrance.com\/fr\/product\/signature-white-small\/","title":{"rendered":"Bougie parfum\u00e9e naturelle Signature White \u2013 500 g (petit format)"},"content":{"rendered":"<p>Cette bougie parfum\u00e9e en cire naturelle de haute qualit\u00e9 contient une forte concentration d&#039;ar\u00f4mes qui garantit une exp\u00e9rience olfactive optimale.<\/p>\n<p>Origine fran\u00e7aise garantie<\/p>\n<ul>\n<li>V\u00e9gan<\/li>\n<li>Enti\u00e8rement naturel<\/li>\n<li>Sans paraffine<\/li>\n<li>Non toxique<\/li>\n<\/ul>\n<p>La bougie parfum\u00e9e en cire de haute qualit\u00e9 contient une forte concentration d&#039;ar\u00f4mes qui garantit la meilleure exp\u00e9rience aromatique naturelle<\/p>\n<p><img decoding=\"async\" class=\"alignnone wp-image-14839 size-medium\" src=\"https:\/\/test.lesavoirfrance.com\/\/wp-content\/uploads\/2025\/03\/favourite-img.png\" alt=\"\" width=\"70%\" height=\"auto\" \/><\/p>","protected":false},"excerpt":{"rendered":"<p>The high quality natural wax scented candle contains a high concentration of aromas which guarantee the best aromatic experience Guaranteed French origin Vegan All Natural Parrafin Free Non toxic La bougie parfum\u00e9e en cire naturelle de haute qualit\u00e9 contiennent une forte concentration d&#8217;ar\u00f4mes qui garantissent la meilleure exp\u00e9rience aromatique<\/p>","protected":false},"featured_media":17071,"template":"","meta":{"iawp_total_views":13},"product_cat":[310],"product_tag":[],"class_list":{"0":"post-12851","1":"product","2":"type-product","3":"status-publish","4":"has-post-thumbnail","6":"product_cat-signature-candles","8":"first","9":"instock","10":"taxable","11":"shipping-taxable","12":"purchasable","13":"product-type-variable"},"aioseo_notices":[],"jetpack_sharing_enabled":true,"_links":{"self":[{"href":"https:\/\/test.lesavoirfrance.com\/fr\/wp-json\/wp\/v2\/product\/12851","targetHints":{"allow":["GET"]}}],"collection":[{"href":"https:\/\/test.lesavoirfrance.com\/fr\/wp-json\/wp\/v2\/product"}],"about":[{"href":"https:\/\/test.lesavoirfrance.com\/fr\/wp-json\/wp\/v2\/types\/product"}],"wp:featuredmedia":[{"embeddable":true,"href":"https:\/\/test.lesavoirfrance.com\/fr\/wp-json\/wp\/v2\/media\/17071"}],"wp:attachment":[{"href":"https:\/\/test.lesavoirfrance.com\/fr\/wp-json\/wp\/v2\/media?parent=12851"}],"wp:term":[{"taxonomy":"product_cat","embeddable":true,"href":"https:\/\/test.lesavoirfrance.com\/fr\/wp-json\/wp\/v2\/product_cat?post=12851"},{"taxonomy":"product_tag","embeddable":true,"href":"https:\/\/test.lesavoirfrance.com\/fr\/wp-json\/wp\/v2\/product_tag?post=12851"}],"curies":[{"name":"wp","href":"https:\/\/api.w.org\/{rel}","templated":true}]}}