{"id":10056,"date":"2024-11-06T07:25:28","date_gmt":"2024-11-06T07:25:28","guid":{"rendered":"https:\/\/test.lesavoirfrance.com\/\/\/?post_type=product&#038;p=10056"},"modified":"2026-01-23T13:29:55","modified_gmt":"2026-01-23T13:29:55","slug":"candle-refills-white","status":"publish","type":"product","link":"https:\/\/test.lesavoirfrance.com\/fr\/product\/candle-refills-white\/","title":{"rendered":"Petites recharges"},"content":{"rendered":"<p>The weight is 185g.<\/p>\n<p>Origine fran\u00e7aise garantie<\/p>\n<ul>\n<li>V\u00e9gan<\/li>\n<li>Enti\u00e8rement naturel<\/li>\n<li>Sans paraffine<\/li>\n<li>Non toxique<\/li>\n<\/ul>\n<p>Le poids est de 185g.<\/p>\n<p>La bougie parfum\u00e9e en cire de haute qualit\u00e9 contient une forte concentration d&#039;ar\u00f4mes qui garantit la meilleure exp\u00e9rience aromatique naturelle<\/p>\n<p><img decoding=\"async\" class=\"alignnone size-medium wp-image-14841\" src=\"https:\/\/test.lesavoirfrance.com\/\/wp-content\/uploads\/2024\/11\/favourite-img.png\" alt=\"\" width=\"70%\" height=\"auto\" \/><\/p>","protected":false},"excerpt":{"rendered":"<p>The weight is 185g. Guaranteed French origin Vegan All Natural Parrafin Free Non toxic Le poids est de 185g. La bougie parfum\u00e9e en cire naturelle de haute qualit\u00e9 contiennent une forte concentration d\u2019ar\u00f4mes qui garantissent la meilleure exp\u00e9rience aromatique<\/p>","protected":false},"featured_media":17364,"template":"","meta":{"iawp_total_views":2},"product_cat":[324],"product_tag":[],"class_list":{"0":"post-10056","1":"product","2":"type-product","3":"status-publish","4":"has-post-thumbnail","6":"product_cat-simply-candles","8":"first","9":"instock","10":"taxable","11":"shipping-taxable","12":"purchasable","13":"product-type-variable"},"aioseo_notices":[],"jetpack_sharing_enabled":true,"_links":{"self":[{"href":"https:\/\/test.lesavoirfrance.com\/fr\/wp-json\/wp\/v2\/product\/10056","targetHints":{"allow":["GET"]}}],"collection":[{"href":"https:\/\/test.lesavoirfrance.com\/fr\/wp-json\/wp\/v2\/product"}],"about":[{"href":"https:\/\/test.lesavoirfrance.com\/fr\/wp-json\/wp\/v2\/types\/product"}],"wp:featuredmedia":[{"embeddable":true,"href":"https:\/\/test.lesavoirfrance.com\/fr\/wp-json\/wp\/v2\/media\/17364"}],"wp:attachment":[{"href":"https:\/\/test.lesavoirfrance.com\/fr\/wp-json\/wp\/v2\/media?parent=10056"}],"wp:term":[{"taxonomy":"product_cat","embeddable":true,"href":"https:\/\/test.lesavoirfrance.com\/fr\/wp-json\/wp\/v2\/product_cat?post=10056"},{"taxonomy":"product_tag","embeddable":true,"href":"https:\/\/test.lesavoirfrance.com\/fr\/wp-json\/wp\/v2\/product_tag?post=10056"}],"curies":[{"name":"wp","href":"https:\/\/api.w.org\/{rel}","templated":true}]}}