{"id":9988,"date":"2024-10-28T10:11:12","date_gmt":"2024-10-28T10:11:12","guid":{"rendered":"https:\/\/test.lesavoirfrance.com\/\/\/?page_id=9988"},"modified":"2025-04-16T07:57:39","modified_gmt":"2025-04-16T07:57:39","slug":"about-us","status":"publish","type":"page","link":"https:\/\/test.lesavoirfrance.com\/fr\/about-us\/","title":{"rendered":"About us"},"content":{"rendered":"<div class=\"wp-block-group custom-about-us\"><div class=\"wp-block-group__inner-container is-layout-constrained wp-block-group-is-layout-constrained\"><figure class=\"wp-block-image size-large\"><img decoding=\"async\" src=\"\/wp-content\/uploads\/2025\/04\/about-us-img-3-1.jpg\" alt=\"\" class=\"wp-image-10751\"\/><\/figure><\/div>\n\n<p class=\"custom-about-content\" id=\"about-us-content\">Le Savoir Vivre fait partie de Maison Bahou, un groupe de boutiques de luxe bas\u00e9 en France. Notre mission est de cr\u00e9er des bougies et des parfums naturels, issus de sources \u00e9thiques et s\u00fbrs \u00e0 br\u00fbler et \u00e0 vaporiser, conform\u00e9ment aux r\u00e9glementations sanitaires fran\u00e7aises et europ\u00e9ennes. Nous proposons \u00e9galement des recharges pour nombre de nos bougies, dans le but de d\u00e9velopper une activit\u00e9 \u00e9coresponsable et de r\u00e9duire les d\u00e9chets, \u00e9vitant ainsi \u00e0 nos clients d&#039;acheter constamment les m\u00eames pots.<br>Pour nos clients assez chanceux pour visiter notre petite boutique au c\u0153ur du village de Valbonne, nous proposons en magasin des recharges de bougies de toutes marques.<br>Nous exp\u00e9dions dans le monde entier l\u00e0 o\u00f9 la r\u00e9glementation le permet.<\/p><\/div><\/div>","protected":false},"excerpt":{"rendered":"<p>Le Savoir Vivre is part of Maison Bahou a boutique luxury retail group based in France, our mission is to create natural, ethically sourced, and safe to burn and spray candles and perfumes adhering to French and EU health regulations. We also offer refills for many of our candles, an effort to create an environmentally [&hellip;]<\/p>\n","protected":false},"author":1,"featured_media":0,"parent":0,"menu_order":0,"comment_status":"closed","ping_status":"closed","template":"","meta":{"iawp_total_views":4,"footnotes":""},"class_list":["post-9988","page","type-page","status-publish","hentry"],"aioseo_notices":[],"jetpack_sharing_enabled":true,"_links":{"self":[{"href":"https:\/\/test.lesavoirfrance.com\/fr\/wp-json\/wp\/v2\/pages\/9988","targetHints":{"allow":["GET"]}}],"collection":[{"href":"https:\/\/test.lesavoirfrance.com\/fr\/wp-json\/wp\/v2\/pages"}],"about":[{"href":"https:\/\/test.lesavoirfrance.com\/fr\/wp-json\/wp\/v2\/types\/page"}],"author":[{"embeddable":true,"href":"https:\/\/test.lesavoirfrance.com\/fr\/wp-json\/wp\/v2\/users\/1"}],"replies":[{"embeddable":true,"href":"https:\/\/test.lesavoirfrance.com\/fr\/wp-json\/wp\/v2\/comments?post=9988"}],"version-history":[{"count":166,"href":"https:\/\/test.lesavoirfrance.com\/fr\/wp-json\/wp\/v2\/pages\/9988\/revisions"}],"predecessor-version":[{"id":15464,"href":"https:\/\/test.lesavoirfrance.com\/fr\/wp-json\/wp\/v2\/pages\/9988\/revisions\/15464"}],"wp:attachment":[{"href":"https:\/\/test.lesavoirfrance.com\/fr\/wp-json\/wp\/v2\/media?parent=9988"}],"curies":[{"name":"wp","href":"https:\/\/api.w.org\/{rel}","templated":true}]}}