{"id":14939,"date":"2025-03-29T07:45:07","date_gmt":"2025-03-29T07:45:07","guid":{"rendered":"https:\/\/test.lesavoirfrance.com\/\/?page_id=14939"},"modified":"2025-04-28T07:56:04","modified_gmt":"2025-04-28T07:56:04","slug":"scentic-studio","status":"publish","type":"page","link":"https:\/\/test.lesavoirfrance.com\/fr\/scentic-studio\/","title":{"rendered":"Studio Scentic"},"content":{"rendered":"<div data-elementor-type=\"wp-page\" data-elementor-id=\"14939\" class=\"elementor elementor-14939\">\n\t\t\t\t<div class=\"elementor-element elementor-element-51712d7 e-con-full scent-container e-flex e-con e-parent\" data-id=\"51712d7\" data-element_type=\"container\">\n\t\t<div class=\"elementor-element elementor-element-8f8e855 e-con-full spl-about-content11 category-banner  scent-bg e-flex e-con e-child\" data-id=\"8f8e855\" data-element_type=\"container\">\n\t\t\t\t<div class=\"elementor-element elementor-element-049e868 elementor-widget__width-initial elementor-widget elementor-widget-heading\" data-id=\"049e868\" data-element_type=\"widget\" data-widget_type=\"heading.default\">\n\t\t\t\t<div class=\"elementor-widget-container\">\n\t\t\t<h1 class=\"elementor-heading-title elementor-size-default\">Studio parfum\u00e9<\/h1>\t\t<\/div>\n\t\t\t\t<\/div>\n\t\t\t\t<\/div>\n\t\t\t\t<div class=\"elementor-element elementor-element-c242f8d elementor-widget elementor-widget-text-editor\" data-id=\"c242f8d\" data-element_type=\"widget\" data-widget_type=\"text-editor.default\">\n\t\t\t\t<div class=\"elementor-widget-container\">\n\t\t\t\t\t\t\t<p><strong>Chez Savoir, nous sommes fiers des parfums de luxe fran\u00e7ais que nous produisons ici m\u00eame, dans la campagne du sud de la France.<\/strong><\/p>\t\t\t\t\t\t<\/div>\n\t\t\t\t<\/div>\n\t\t\t\t<div class=\"elementor-element elementor-element-4c46e1a elementor-widget elementor-widget-text-editor\" data-id=\"4c46e1a\" data-element_type=\"widget\" data-widget_type=\"text-editor.default\">\n\t\t\t\t<div class=\"elementor-widget-container\">\n\t\t\t\t\t\t\t<p>Nous avons \u00e0 c\u0153ur la parfumerie sous toutes ses formes. \u00c0 l&#039;heure o\u00f9 nous \u00e9crivons ces lignes, Maison Bahou travaille au lancement de plusieurs nouveaux projets, anim\u00e9s par la m\u00eame philosophie que celle qui guide nos bougies\u00a0: si c&#039;est du parfum, que ce soit du vrai parfum.<\/p><p>\nL&#039;\u00e2me de notre parfumerie r\u00e9side dans la cr\u00e9ation de classiques intemporels aux senteurs qui laissent v\u00e9ritablement une impression durable.<\/p>\n<p>\nNos Scentic Studios sont les lieux de cr\u00e9ation de nos parfums, permettant \u00e0 nos clients les plus fid\u00e8les de b\u00e9n\u00e9ficier des essences les plus fines, en format mono- ou bi-note, rechargeables dans des flacons de fabrication italienne.<\/p>\t\t\t\t\t\t<\/div>\n\t\t\t\t<\/div>\n\t\t<div class=\"elementor-element elementor-element-6642f18 e-con-full e-flex e-con e-child\" data-id=\"6642f18\" data-element_type=\"container\">\n\t\t\t\t<div class=\"elementor-element elementor-element-aa068fe elementor-widget__width-inherit custom-thumbnail-bg signature-collection elementor-widget elementor-widget-ts-products\" data-id=\"aa068fe\" data-element_type=\"widget\" data-widget_type=\"ts-products.default\">\n\t\t\t\t<div class=\"elementor-widget-container\">\n\t\t\t\t\t\t<div class=\"ts-elementor-lazy-load type-product\">\n\t\t\t\t\t\t\t\n\t\t\t\t<div class=\"placeholder-items columns-4 grid\" style=\"--lazy-cols: 4\">\n\t\t\t\t\t\t\t\t\t<div class=\"placeholder-item\">\n\t\t\t\t\t\t<div class=\"placeholder-thumb\"><\/div>\n\t\t\t\t\t\t\t\t\t\t\t\t\t<div class=\"placeholder-title\"><\/div>\n\t\t\t\t\t\t\t\t\t\t\t\t\t\t\t<div class=\"placeholder-subtitle\"><\/div>\n\t\t\t\t\t\t\t\t\t\t\t\t\t\t\t\t\t\t<\/div>\n\t\t\t\t\t\t\t\t\t<div class=\"placeholder-item\">\n\t\t\t\t\t\t<div class=\"placeholder-thumb\"><\/div>\n\t\t\t\t\t\t\t\t\t\t\t\t\t<div class=\"placeholder-title\"><\/div>\n\t\t\t\t\t\t\t\t\t\t\t\t\t\t\t<div class=\"placeholder-subtitle\"><\/div>\n\t\t\t\t\t\t\t\t\t\t\t\t\t\t\t\t\t\t<\/div>\n\t\t\t\t\t\t\t\t\t<div class=\"placeholder-item\">\n\t\t\t\t\t\t<div class=\"placeholder-thumb\"><\/div>\n\t\t\t\t\t\t\t\t\t\t\t\t\t<div class=\"placeholder-title\"><\/div>\n\t\t\t\t\t\t\t\t\t\t\t\t\t\t\t<div class=\"placeholder-subtitle\"><\/div>\n\t\t\t\t\t\t\t\t\t\t\t\t\t\t\t\t\t\t<\/div>\n\t\t\t\t\t\t\t\t\t<div class=\"placeholder-item\">\n\t\t\t\t\t\t<div class=\"placeholder-thumb\"><\/div>\n\t\t\t\t\t\t\t\t\t\t\t\t\t<div class=\"placeholder-title\"><\/div>\n\t\t\t\t\t\t\t\t\t\t\t\t\t\t\t<div class=\"placeholder-subtitle\"><\/div>\n\t\t\t\t\t\t\t\t\t\t\t\t\t\t\t\t\t\t<\/div>\n\t\t\t\t\t\t\t\t<\/div>\n\t\t\t<\/div>\n\t\t\t\t\t<\/div>\n\t\t\t\t<\/div>\n\t\t\t\t<div class=\"elementor-element elementor-element-5245a71 elementor-widget elementor-widget-html\" data-id=\"5245a71\" data-element_type=\"widget\" data-widget_type=\"html.default\">\n\t\t\t\t<div class=\"elementor-widget-container\">\n\t\t\t<style>\n    .breadcrumb-title-wrapper .breadcrumb-title{\n        display:none;\n    }\n    \n   @media only screen and (max-width: 768px) and (min-width: 320px) {\n  .e-con.e-flex {\n    padding-top: 0px !important;\n  }\n  #main > .page-container {\npadding: 0px 20px;\n}\n}\n    <\/style>\t\t<\/div>\n\t\t\t\t<\/div>\n\t\t\t\t<\/div>\n\t\t\t\t<\/div>\n\t\t\t\t<\/div>","protected":false},"excerpt":{"rendered":"<p>Scentic Studio At Savoir, we pride ourselves in the French luxury perfumes we produce right here in the Southern France countryside. In our hearts, we have a love for all things perfume. At time of writing, Maison Bahou is working on the launch of several new projects with the same philosophy we have for our [&hellip;]<\/p>\n","protected":false},"author":1,"featured_media":0,"parent":0,"menu_order":0,"comment_status":"closed","ping_status":"closed","template":"","meta":{"iawp_total_views":2,"footnotes":""},"class_list":["post-14939","page","type-page","status-publish","hentry"],"aioseo_notices":[],"jetpack_sharing_enabled":true,"_links":{"self":[{"href":"https:\/\/test.lesavoirfrance.com\/fr\/wp-json\/wp\/v2\/pages\/14939","targetHints":{"allow":["GET"]}}],"collection":[{"href":"https:\/\/test.lesavoirfrance.com\/fr\/wp-json\/wp\/v2\/pages"}],"about":[{"href":"https:\/\/test.lesavoirfrance.com\/fr\/wp-json\/wp\/v2\/types\/page"}],"author":[{"embeddable":true,"href":"https:\/\/test.lesavoirfrance.com\/fr\/wp-json\/wp\/v2\/users\/1"}],"replies":[{"embeddable":true,"href":"https:\/\/test.lesavoirfrance.com\/fr\/wp-json\/wp\/v2\/comments?post=14939"}],"version-history":[{"count":73,"href":"https:\/\/test.lesavoirfrance.com\/fr\/wp-json\/wp\/v2\/pages\/14939\/revisions"}],"predecessor-version":[{"id":15725,"href":"https:\/\/test.lesavoirfrance.com\/fr\/wp-json\/wp\/v2\/pages\/14939\/revisions\/15725"}],"wp:attachment":[{"href":"https:\/\/test.lesavoirfrance.com\/fr\/wp-json\/wp\/v2\/media?parent=14939"}],"curies":[{"name":"wp","href":"https:\/\/api.w.org\/{rel}","templated":true}]}}