{"id":14794,"date":"2025-03-23T15:17:48","date_gmt":"2025-03-23T15:17:48","guid":{"rendered":"https:\/\/test.lesavoirfrance.com\/\/?page_id=14794"},"modified":"2026-03-31T02:26:14","modified_gmt":"2026-03-31T02:26:14","slug":"our-story","status":"publish","type":"page","link":"https:\/\/test.lesavoirfrance.com\/fr\/our-story\/","title":{"rendered":"Notre histoire"},"content":{"rendered":"<div data-elementor-type=\"wp-page\" data-elementor-id=\"14794\" class=\"elementor elementor-14794\">\n\t\t\t\t<div class=\"elementor-element elementor-element-5f1831d e-con-full e-flex e-con e-parent\" data-id=\"5f1831d\" data-element_type=\"container\">\n\t\t<div class=\"elementor-element elementor-element-e409fd1 e-con-full spl-about-content11 category-banner spl-btn-bg e-flex e-con e-child\" data-id=\"e409fd1\" data-element_type=\"container\">\n\t\t\t\t<div class=\"elementor-element elementor-element-16f13fa elementor-widget__width-initial elementor-widget elementor-widget-heading\" data-id=\"16f13fa\" data-element_type=\"widget\" data-widget_type=\"heading.default\">\n\t\t\t\t<div class=\"elementor-widget-container\">\n\t\t\t<h1 class=\"elementor-heading-title elementor-size-default\">Notre histoire<\/h1>\t\t<\/div>\n\t\t\t\t<\/div>\n\t\t\t\t<\/div>\n\t\t<div class=\"elementor-element elementor-element-522ae6f e-con-full e-flex e-con e-child\" data-id=\"522ae6f\" data-element_type=\"container\">\n\t\t\t\t<div class=\"elementor-element elementor-element-693bc63 default-font elementor-widget elementor-widget-text-editor\" data-id=\"693bc63\" data-element_type=\"widget\" data-widget_type=\"text-editor.default\">\n\t\t\t\t<div class=\"elementor-widget-container\">\n\t\t\t\t\t\t\t<p style=\"line-height: 1.9; margin-top: 10px; font-size: 16px;\">Le Savoir Vivre a \u00e9t\u00e9 fond\u00e9e durant l&#039;\u00e9t\u00e9 2024 \u00e0 Valbonne, village du sud de la France, \u00e0 deux pas de Grasse, capitale mondiale du parfum. La vision de nos fondateurs \u00e9tait simple\u00a0: cr\u00e9er les bougies parfum\u00e9es et les parfums les plus raffin\u00e9s au monde. Pourquoi\u00a0? Le secteur des bougies parfum\u00e9es et des parfums est satur\u00e9 de commercialisme. Les consommateurs paient une fortune pour le marketing et une fortune pour le produit. Malgr\u00e9 la pr\u00e9sence de nombreuses Maisons proposant des produits de luxe, Le Savoir Vivre privil\u00e9gie l&#039;excellence, loin du grand public. Artisanale, en \u00e9dition limit\u00e9e, coul\u00e9e \u00e0 la main et \u00e9labor\u00e9e avec passion, notre marque s&#039;adresse \u00e0 une client\u00e8le exigeante et utilise des ingr\u00e9dients et des essences uniques, absents des marques grand public. Notre philosophie est simple\u00a0: constance, sobri\u00e9t\u00e9, \u00e9l\u00e9gance et luxe en toutes circonstances.<\/p>\t\t\t\t\t\t<\/div>\n\t\t\t\t<\/div>\n\t\t\t\t<div class=\"elementor-element elementor-element-e9ac34c default-font elementor-widget elementor-widget-text-editor\" data-id=\"e9ac34c\" data-element_type=\"widget\" data-widget_type=\"text-editor.default\">\n\t\t\t\t<div class=\"elementor-widget-container\">\n\t\t\t\t\t\t\t<p style=\"line-height: 1.9; margin-top: 10px; font-size: 16px;\">Le Savoir Vivre fait partie de Maison Bahou, un groupe de boutiques de luxe bas\u00e9 en France. Notre mission est de cr\u00e9er des bougies et des parfums naturels, issus de sources \u00e9thiques et s\u00fbrs \u00e0 br\u00fbler et \u00e0 vaporiser, conform\u00e9ment aux r\u00e9glementations sanitaires fran\u00e7aises et europ\u00e9ennes. Nous proposons \u00e9galement des recharges pour nombre de nos bougies, dans le but de d\u00e9velopper une activit\u00e9 \u00e9coresponsable et de r\u00e9duire les d\u00e9chets, \u00e9vitant ainsi \u00e0 nos clients d&#039;acheter constamment les m\u00eames pots.<\/p>\t\t\t\t\t\t<\/div>\n\t\t\t\t<\/div>\n\t\t\t\t<div class=\"elementor-element elementor-element-a56cb6b default-font elementor-widget elementor-widget-text-editor\" data-id=\"a56cb6b\" data-element_type=\"widget\" data-widget_type=\"text-editor.default\">\n\t\t\t\t<div class=\"elementor-widget-container\">\n\t\t\t\t\t\t\t<p style=\"line-height: 1.9; margin-top: 10px; font-size: 16px;\">Pour nos clients privil\u00e9gi\u00e9s qui visitent notre petite boutique au c\u0153ur du village de Valbonne, nous proposons des recharges de bougies de toutes marques. Nous exp\u00e9dions dans le monde entier, sous r\u00e9serve des r\u00e9glementations en vigueur.<\/p>\t\t\t\t\t\t<\/div>\n\t\t\t\t<\/div>\n\t\t\t\t<\/div>\n\t\t\t\t<\/div>\n\t\t<div class=\"elementor-element elementor-element-b8dd791 e-flex e-con-boxed e-con e-parent\" data-id=\"b8dd791\" data-element_type=\"container\">\n\t\t\t\t\t<div class=\"e-con-inner\">\n\t\t\t\t<div class=\"elementor-element elementor-element-5a0956f elementor-widget elementor-widget-html\" data-id=\"5a0956f\" data-element_type=\"widget\" data-widget_type=\"html.default\">\n\t\t\t\t<div class=\"elementor-widget-container\">\n\t\t\t<style>\n    .breadcrumb-title-wrapper .breadcrumb-title{\n        display:none;\n    }\n<\/style>\t\t<\/div>\n\t\t\t\t<\/div>\n\t\t\t\t\t<\/div>\n\t\t\t\t<\/div>\n\t\t\t\t<\/div>","protected":false},"excerpt":{"rendered":"<p>Our Story Le Savoir Vivre was founded in the summer of 2024 in the Southern French village Valbonne, a stone\u2019s throw from Grasse, the world\u2019s perfume capital. Our founders\u2019 vision was simple, create the world\u2019s finest scented candles and perfumes. Why? The scented candle and perfume industry is saturated with commercialism. Consumers pay 90% for [&hellip;]<\/p>\n","protected":false},"author":1,"featured_media":0,"parent":0,"menu_order":0,"comment_status":"closed","ping_status":"closed","template":"","meta":{"iawp_total_views":77,"footnotes":""},"class_list":["post-14794","page","type-page","status-publish","hentry"],"aioseo_notices":[],"jetpack_sharing_enabled":true,"_links":{"self":[{"href":"https:\/\/test.lesavoirfrance.com\/fr\/wp-json\/wp\/v2\/pages\/14794","targetHints":{"allow":["GET"]}}],"collection":[{"href":"https:\/\/test.lesavoirfrance.com\/fr\/wp-json\/wp\/v2\/pages"}],"about":[{"href":"https:\/\/test.lesavoirfrance.com\/fr\/wp-json\/wp\/v2\/types\/page"}],"author":[{"embeddable":true,"href":"https:\/\/test.lesavoirfrance.com\/fr\/wp-json\/wp\/v2\/users\/1"}],"replies":[{"embeddable":true,"href":"https:\/\/test.lesavoirfrance.com\/fr\/wp-json\/wp\/v2\/comments?post=14794"}],"version-history":[{"count":76,"href":"https:\/\/test.lesavoirfrance.com\/fr\/wp-json\/wp\/v2\/pages\/14794\/revisions"}],"predecessor-version":[{"id":17722,"href":"https:\/\/test.lesavoirfrance.com\/fr\/wp-json\/wp\/v2\/pages\/14794\/revisions\/17722"}],"wp:attachment":[{"href":"https:\/\/test.lesavoirfrance.com\/fr\/wp-json\/wp\/v2\/media?parent=14794"}],"curies":[{"name":"wp","href":"https:\/\/api.w.org\/{rel}","templated":true}]}}