{"id":13717,"date":"2025-01-20T09:38:08","date_gmt":"2025-01-20T09:38:08","guid":{"rendered":"https:\/\/test.lesavoirfrance.com\/\/?page_id=13717"},"modified":"2025-04-28T07:59:16","modified_gmt":"2025-04-28T07:59:16","slug":"order-refills","status":"publish","type":"page","link":"https:\/\/test.lesavoirfrance.com\/fr\/order-refills\/","title":{"rendered":"Commander des recharges"},"content":{"rendered":"<div data-elementor-type=\"wp-page\" data-elementor-id=\"13717\" class=\"elementor elementor-13717\">\n\t\t\t\t<div class=\"elementor-element elementor-element-f092378 e-con-full container custom-container e-flex e-con e-child\" data-id=\"f092378\" data-element_type=\"container\">\n\t\t<div class=\"elementor-element elementor-element-2678e89 e-con-full spl-about-content10 category-banner e-flex e-con e-child\" data-id=\"2678e89\" data-element_type=\"container\">\n\t\t\t\t<div class=\"elementor-element elementor-element-729dce6 elementor-widget__width-initial elementor-widget elementor-widget-heading\" data-id=\"729dce6\" data-element_type=\"widget\" data-widget_type=\"heading.default\">\n\t\t\t\t<div class=\"elementor-widget-container\">\n\t\t\t<h1 class=\"elementor-heading-title elementor-size-default\">Commander des recharges<\/h1>\t\t<\/div>\n\t\t\t\t<\/div>\n\t\t\t\t<\/div>\n\t\t<div class=\"elementor-element elementor-element-d1123cc e-con-full e-flex e-con e-child\" data-id=\"d1123cc\" data-element_type=\"container\">\n\t\t\t\t<div class=\"elementor-element elementor-element-049876c elementor-widget elementor-widget-text-editor\" data-id=\"049876c\" data-element_type=\"widget\" data-widget_type=\"text-editor.default\">\n\t\t\t\t<div class=\"elementor-widget-container\">\n\t\t\t\t\t\t\t<p style=\"line-height: 24px; margin-top: 30px;\">Les recharges ne sont pas encore tr\u00e8s r\u00e9pandues dans notre secteur. Cependant, nous pensons que nos clients ne devraient pas avoir \u00e0 racheter les m\u00eames bougies sans cesse et qu&#039;ils devraient pouvoir changer de parfum \u00e0 leur guise. Nos recharges sont compos\u00e9es des m\u00eames ingr\u00e9dients que nos bougies classiques et offrent un choix de senteurs encore plus vaste. Pour toute question concernant les formats ou les parfums, n&#039;h\u00e9sitez pas \u00e0 nous contacter.<\/p>\t\t\t\t\t\t<\/div>\n\t\t\t\t<\/div>\n\t\t\t\t<\/div>\n\t\t\t\t<div class=\"elementor-element elementor-element-f1876b0 elementor-widget__width-inherit custom-thumbnail-bg elementor-widget elementor-widget-ts-products\" data-id=\"f1876b0\" data-element_type=\"widget\" data-widget_type=\"ts-products.default\">\n\t\t\t\t<div class=\"elementor-widget-container\">\n\t\t\t\t\t<div class=\"ts-product-wrapper ts-shortcode ts-product woocommerce columns-5 recent grid\" style=\"--ts-columns: 5\" >\n\t\t\n\t\t\t\t\t\t\t\n\t\t\t<div class=\"content-wrapper\">\n\t\t\t\n\t\t\t\t<div class=\"products\">\r\n\n<section class=\"product type-product post-11262 status-publish first instock product_cat-simply-candles has-post-thumbnail taxable shipping-taxable purchasable product-type-variable\" data-product_id=\"11262\">\n\t<div class=\"product-wrapper\">\n\t\t\t\n\t\t<div class=\"thumbnail-wrapper\">\n\t\t\t<a href=\"https:\/\/test.lesavoirfrance.com\/fr\/product\/candle-refills-extra-small\/\">\n\t\t\t\t<figure class=\"no-back-image\"><img fetchpriority=\"high\" decoding=\"async\" src=\"https:\/\/test.lesavoirfrance.com\/wp-content\/themes\/merto\/images\/prod_loading.gif\" data-src=\"https:\/\/test.lesavoirfrance.com\/wp-content\/uploads\/2024\/11\/Candle-Refills-Extra-Small-300x300.jpg\" class=\"attachment-shop_catalog wp-post-image ts-lazy-load\" alt=\"\" width=\"300\" height=\"300\" \/><\/figure>\t\t\t<\/a>\n\t\t\t\t\t<div class=\"product-label\">\n\t\t<\/div>\n\t<div class=\"product-group-button\"><div class=\"button-in quickshop\"><a class=\"quickshop\" href=\"#\" data-product_id=\"11262\"><span class=\"ts-tooltip button-tooltip\">Quick View<\/span><\/a><\/div><div class=\"loop-add-to-cart\"><a href=\"https:\/\/test.lesavoirfrance.com\/fr\/product\/candle-refills-extra-small\/\" data-quantity=\"1\" class=\"button product_type_variable add_to_cart_button\" data-product_id=\"11262\" data-product_sku=\"\" aria-label=\"S\u00e9lectionner les options pour \u201cExtra Small Refills\u201d\" rel=\"nofollow\" data-no-translation-aria-label=\"\"><span class=\"ts-tooltip button-tooltip\" data-no-translation=\"\" data-trp-gettext=\"\">Choix des options<\/span><\/a><\/div><\/div>\t\t\t\n\t\t<\/div>\n\t\t<div class=\"meta-wrapper\">\n\t\t\t<h3 class=\"heading-title product-name\"><a href=\"https:\/\/test.lesavoirfrance.com\/fr\/product\/candle-refills-extra-small\/\">Recharges extra petites<\/a><\/h3>\n\t<span class=\"price\"><span class=\"woocommerce-Price-amount amount\"><bdi>16,00&nbsp;<span class=\"woocommerce-Price-currencySymbol\">\u20ac<\/span><\/bdi><\/span> <small class=\"woocommerce-price-suffix\">(Taxes comprises)<\/small><\/span>\n\t\t\t<a href=\"https:\/\/test.lesavoirfrance.com\/fr\/product\/candle-refills-extra-small\/\" class=\"buy-btn\">Acheter<\/a>\n\t\t<\/div>\n\t\t<div class=\"meta-wrapper meta-wrapper-2\">\n\t\t\t<div class=\"product-group-button-meta\"><div class=\"loop-add-to-cart\"><a href=\"https:\/\/test.lesavoirfrance.com\/fr\/product\/candle-refills-extra-small\/\" data-quantity=\"1\" class=\"button product_type_variable add_to_cart_button\" data-product_id=\"11262\" data-product_sku=\"\" aria-label=\"S\u00e9lectionner les options pour \u201cExtra Small Refills\u201d\" rel=\"nofollow\" data-no-translation-aria-label=\"\"><span class=\"ts-tooltip button-tooltip\" data-no-translation=\"\" data-trp-gettext=\"\">Choix des options<\/span><\/a><\/div><div class=\"button-in quickshop\"><a class=\"quickshop\" href=\"#\" data-product_id=\"11262\"><span class=\"ts-tooltip button-tooltip\">Quick View<\/span><\/a><\/div><\/div>\t\t<\/div>\n\t<\/div>\n<\/section>\n<section class=\"product type-product post-10056 status-publish instock product_cat-simply-candles has-post-thumbnail taxable shipping-taxable purchasable product-type-variable\" data-product_id=\"10056\">\n\t<div class=\"product-wrapper\">\n\t\t\t\n\t\t<div class=\"thumbnail-wrapper\">\n\t\t\t<a href=\"https:\/\/test.lesavoirfrance.com\/fr\/product\/candle-refills-white\/\">\n\t\t\t\t<figure class=\"no-back-image\"><img decoding=\"async\" src=\"https:\/\/test.lesavoirfrance.com\/wp-content\/themes\/merto\/images\/prod_loading.gif\" data-src=\"https:\/\/test.lesavoirfrance.com\/wp-content\/uploads\/2024\/11\/Candle-Refills-Small-300x300.jpg\" class=\"attachment-shop_catalog wp-post-image ts-lazy-load\" alt=\"\" width=\"300\" height=\"300\" \/><\/figure>\t\t\t<\/a>\n\t\t\t\t\t<div class=\"product-label\">\n\t\t<\/div>\n\t<div class=\"product-group-button\"><div class=\"button-in quickshop\"><a class=\"quickshop\" href=\"#\" data-product_id=\"10056\"><span class=\"ts-tooltip button-tooltip\">Quick View<\/span><\/a><\/div><div class=\"loop-add-to-cart\"><a href=\"https:\/\/test.lesavoirfrance.com\/fr\/product\/candle-refills-white\/\" data-quantity=\"1\" class=\"button product_type_variable add_to_cart_button\" data-product_id=\"10056\" data-product_sku=\"\" aria-label=\"S\u00e9lectionner les options pour \u201cSmall Refills\u201d\" rel=\"nofollow\" data-no-translation-aria-label=\"\"><span class=\"ts-tooltip button-tooltip\" data-no-translation=\"\" data-trp-gettext=\"\">Choix des options<\/span><\/a><\/div><\/div>\t\t\t\n\t\t<\/div>\n\t\t<div class=\"meta-wrapper\">\n\t\t\t<h3 class=\"heading-title product-name\"><a href=\"https:\/\/test.lesavoirfrance.com\/fr\/product\/candle-refills-white\/\">Petites recharges<\/a><\/h3>\n\t<span class=\"price\"><span class=\"woocommerce-Price-amount amount\"><bdi>25,00&nbsp;<span class=\"woocommerce-Price-currencySymbol\">\u20ac<\/span><\/bdi><\/span> <small class=\"woocommerce-price-suffix\">(Taxes comprises)<\/small><\/span>\n\t\t\t<a href=\"https:\/\/test.lesavoirfrance.com\/fr\/product\/candle-refills-white\/\" class=\"buy-btn\">Acheter<\/a>\n\t\t<\/div>\n\t\t<div class=\"meta-wrapper meta-wrapper-2\">\n\t\t\t<div class=\"product-group-button-meta\"><div class=\"loop-add-to-cart\"><a href=\"https:\/\/test.lesavoirfrance.com\/fr\/product\/candle-refills-white\/\" data-quantity=\"1\" class=\"button product_type_variable add_to_cart_button\" data-product_id=\"10056\" data-product_sku=\"\" aria-label=\"S\u00e9lectionner les options pour \u201cSmall Refills\u201d\" rel=\"nofollow\" data-no-translation-aria-label=\"\"><span class=\"ts-tooltip button-tooltip\" data-no-translation=\"\" data-trp-gettext=\"\">Choix des options<\/span><\/a><\/div><div class=\"button-in quickshop\"><a class=\"quickshop\" href=\"#\" data-product_id=\"10056\"><span class=\"ts-tooltip button-tooltip\">Quick View<\/span><\/a><\/div><\/div>\t\t<\/div>\n\t<\/div>\n<\/section>\n<section class=\"product type-product post-11247 status-publish instock product_cat-simply-candles has-post-thumbnail taxable shipping-taxable purchasable product-type-variable\" data-product_id=\"11247\">\n\t<div class=\"product-wrapper\">\n\t\t\t\n\t\t<div class=\"thumbnail-wrapper\">\n\t\t\t<a href=\"https:\/\/test.lesavoirfrance.com\/fr\/product\/candle-refills-medium\/\">\n\t\t\t\t<figure class=\"no-back-image\"><img decoding=\"async\" src=\"https:\/\/test.lesavoirfrance.com\/wp-content\/themes\/merto\/images\/prod_loading.gif\" data-src=\"https:\/\/test.lesavoirfrance.com\/wp-content\/uploads\/2024\/11\/Candle-Refills-Medium-300x300.jpg\" class=\"attachment-shop_catalog wp-post-image ts-lazy-load\" alt=\"\" width=\"300\" height=\"300\" \/><\/figure>\t\t\t<\/a>\n\t\t\t\t\t<div class=\"product-label\">\n\t\t<\/div>\n\t<div class=\"product-group-button\"><div class=\"button-in quickshop\"><a class=\"quickshop\" href=\"#\" data-product_id=\"11247\"><span class=\"ts-tooltip button-tooltip\">Quick View<\/span><\/a><\/div><div class=\"loop-add-to-cart\"><a href=\"https:\/\/test.lesavoirfrance.com\/fr\/product\/candle-refills-medium\/\" data-quantity=\"1\" class=\"button product_type_variable add_to_cart_button\" data-product_id=\"11247\" data-product_sku=\"\" aria-label=\"S\u00e9lectionner les options pour \u201cMedium Refills\u201d\" rel=\"nofollow\" data-no-translation-aria-label=\"\"><span class=\"ts-tooltip button-tooltip\" data-no-translation=\"\" data-trp-gettext=\"\">Choix des options<\/span><\/a><\/div><\/div>\t\t\t\n\t\t<\/div>\n\t\t<div class=\"meta-wrapper\">\n\t\t\t<h3 class=\"heading-title product-name\"><a href=\"https:\/\/test.lesavoirfrance.com\/fr\/product\/candle-refills-medium\/\">Recharges moyennes<\/a><\/h3>\n\t<span class=\"price\"><span class=\"woocommerce-Price-amount amount\"><bdi>35,00&nbsp;<span class=\"woocommerce-Price-currencySymbol\">\u20ac<\/span><\/bdi><\/span> <small class=\"woocommerce-price-suffix\">(Taxes comprises)<\/small><\/span>\n\t\t\t<a href=\"https:\/\/test.lesavoirfrance.com\/fr\/product\/candle-refills-medium\/\" class=\"buy-btn\">Acheter<\/a>\n\t\t<\/div>\n\t\t<div class=\"meta-wrapper meta-wrapper-2\">\n\t\t\t<div class=\"product-group-button-meta\"><div class=\"loop-add-to-cart\"><a href=\"https:\/\/test.lesavoirfrance.com\/fr\/product\/candle-refills-medium\/\" data-quantity=\"1\" class=\"button product_type_variable add_to_cart_button\" data-product_id=\"11247\" data-product_sku=\"\" aria-label=\"S\u00e9lectionner les options pour \u201cMedium Refills\u201d\" rel=\"nofollow\" data-no-translation-aria-label=\"\"><span class=\"ts-tooltip button-tooltip\" data-no-translation=\"\" data-trp-gettext=\"\">Choix des options<\/span><\/a><\/div><div class=\"button-in quickshop\"><a class=\"quickshop\" href=\"#\" data-product_id=\"11247\"><span class=\"ts-tooltip button-tooltip\">Quick View<\/span><\/a><\/div><\/div>\t\t<\/div>\n\t<\/div>\n<\/section>\n<section class=\"product type-product post-11255 status-publish instock product_cat-simply-candles has-post-thumbnail taxable shipping-taxable purchasable product-type-variable\" data-product_id=\"11255\">\n\t<div class=\"product-wrapper\">\n\t\t\t\n\t\t<div class=\"thumbnail-wrapper\">\n\t\t\t<a href=\"https:\/\/test.lesavoirfrance.com\/fr\/product\/candle-refills-large\/\">\n\t\t\t\t<figure class=\"no-back-image\"><img loading=\"lazy\" decoding=\"async\" src=\"https:\/\/test.lesavoirfrance.com\/wp-content\/themes\/merto\/images\/prod_loading.gif\" data-src=\"https:\/\/test.lesavoirfrance.com\/wp-content\/uploads\/2024\/11\/Candle-Refills-Large-300x300.jpg\" class=\"attachment-shop_catalog wp-post-image ts-lazy-load\" alt=\"\" width=\"300\" height=\"300\" \/><\/figure>\t\t\t<\/a>\n\t\t\t\t\t<div class=\"product-label\">\n\t\t<\/div>\n\t<div class=\"product-group-button\"><div class=\"button-in quickshop\"><a class=\"quickshop\" href=\"#\" data-product_id=\"11255\"><span class=\"ts-tooltip button-tooltip\">Quick View<\/span><\/a><\/div><div class=\"loop-add-to-cart\"><a href=\"https:\/\/test.lesavoirfrance.com\/fr\/product\/candle-refills-large\/\" data-quantity=\"1\" class=\"button product_type_variable add_to_cart_button\" data-product_id=\"11255\" data-product_sku=\"\" aria-label=\"S\u00e9lectionner les options pour \u201cLarge Refills\u201d\" rel=\"nofollow\" data-no-translation-aria-label=\"\"><span class=\"ts-tooltip button-tooltip\" data-no-translation=\"\" data-trp-gettext=\"\">Choix des options<\/span><\/a><\/div><\/div>\t\t\t\n\t\t<\/div>\n\t\t<div class=\"meta-wrapper\">\n\t\t\t<h3 class=\"heading-title product-name\"><a href=\"https:\/\/test.lesavoirfrance.com\/fr\/product\/candle-refills-large\/\">Grandes recharges<\/a><\/h3>\n\t<span class=\"price\"><span class=\"woocommerce-Price-amount amount\"><bdi>55,00&nbsp;<span class=\"woocommerce-Price-currencySymbol\">\u20ac<\/span><\/bdi><\/span> <small class=\"woocommerce-price-suffix\">(Taxes comprises)<\/small><\/span>\n\t\t\t<a href=\"https:\/\/test.lesavoirfrance.com\/fr\/product\/candle-refills-large\/\" class=\"buy-btn\">Acheter<\/a>\n\t\t<\/div>\n\t\t<div class=\"meta-wrapper meta-wrapper-2\">\n\t\t\t<div class=\"product-group-button-meta\"><div class=\"loop-add-to-cart\"><a href=\"https:\/\/test.lesavoirfrance.com\/fr\/product\/candle-refills-large\/\" data-quantity=\"1\" class=\"button product_type_variable add_to_cart_button\" data-product_id=\"11255\" data-product_sku=\"\" aria-label=\"S\u00e9lectionner les options pour \u201cLarge Refills\u201d\" rel=\"nofollow\" data-no-translation-aria-label=\"\"><span class=\"ts-tooltip button-tooltip\" data-no-translation=\"\" data-trp-gettext=\"\">Choix des options<\/span><\/a><\/div><div class=\"button-in quickshop\"><a class=\"quickshop\" href=\"#\" data-product_id=\"11255\"><span class=\"ts-tooltip button-tooltip\">Quick View<\/span><\/a><\/div><\/div>\t\t<\/div>\n\t<\/div>\n<\/section><\/div>\t\t\t\t\n\t\t\t<\/div>\n\n\t\t<\/div>\n\t\t\t\t<\/div>\n\t\t\t\t<\/div>\n\t\t\t\t<\/div>\n\t\t<div class=\"elementor-element elementor-element-123c2d7 e-flex e-con-boxed e-con e-parent\" data-id=\"123c2d7\" data-element_type=\"container\">\n\t\t\t\t\t<div class=\"e-con-inner\">\n\t\t\t\t<div class=\"elementor-element elementor-element-958527a elementor-widget elementor-widget-html\" data-id=\"958527a\" data-element_type=\"widget\" data-widget_type=\"html.default\">\n\t\t\t\t<div class=\"elementor-widget-container\">\n\t\t\t<style>\n#main-content .custom-container {\n  width: 100%;\n  display: block;\n  padding:0;\n}\n.woocommerce .products .product:not(.product-category) .product-wrapper {\n  padding:15px 20px;\n}\n@media only screen and (max-width: 768px) and (min-width: 320px) { \n #main > .page-container {\npadding: 0px 20px;\n}\n}\n<\/style>\t\t<\/div>\n\t\t\t\t<\/div>\n\t\t\t\t\t<\/div>\n\t\t\t\t<\/div>\n\t\t\t\t<\/div>","protected":false},"excerpt":{"rendered":"<p>Order Refills Refills are not a widely used concept in our industry. However our belief is our customers shouldn\u2019t have to buy the same candle jars over and over again, and they should have the freedom to change fragrance at will. Our refills are made with the same ingredients as our complete candle offering with [&hellip;]<\/p>\n","protected":false},"author":1,"featured_media":0,"parent":0,"menu_order":0,"comment_status":"closed","ping_status":"closed","template":"","meta":{"iawp_total_views":3,"footnotes":""},"class_list":["post-13717","page","type-page","status-publish","hentry"],"aioseo_notices":[],"jetpack_sharing_enabled":true,"_links":{"self":[{"href":"https:\/\/test.lesavoirfrance.com\/fr\/wp-json\/wp\/v2\/pages\/13717","targetHints":{"allow":["GET"]}}],"collection":[{"href":"https:\/\/test.lesavoirfrance.com\/fr\/wp-json\/wp\/v2\/pages"}],"about":[{"href":"https:\/\/test.lesavoirfrance.com\/fr\/wp-json\/wp\/v2\/types\/page"}],"author":[{"embeddable":true,"href":"https:\/\/test.lesavoirfrance.com\/fr\/wp-json\/wp\/v2\/users\/1"}],"replies":[{"embeddable":true,"href":"https:\/\/test.lesavoirfrance.com\/fr\/wp-json\/wp\/v2\/comments?post=13717"}],"version-history":[{"count":61,"href":"https:\/\/test.lesavoirfrance.com\/fr\/wp-json\/wp\/v2\/pages\/13717\/revisions"}],"predecessor-version":[{"id":16227,"href":"https:\/\/test.lesavoirfrance.com\/fr\/wp-json\/wp\/v2\/pages\/13717\/revisions\/16227"}],"wp:attachment":[{"href":"https:\/\/test.lesavoirfrance.com\/fr\/wp-json\/wp\/v2\/media?parent=13717"}],"curies":[{"name":"wp","href":"https:\/\/api.w.org\/{rel}","templated":true}]}}